{"id":4,"date":"2016-08-31T11:33:11","date_gmt":"2016-08-31T09:33:11","guid":{"rendered":"https:\/\/www.elsenag.com\/mentions-legales\/"},"modified":"2022-05-10T13:26:51","modified_gmt":"2022-05-10T11:26:51","slug":"mentions-legales","status":"publish","type":"page","link":"https:\/\/www.elsenag.com\/fr\/mentions-legales\/","title":{"rendered":"Mentions l\u00e9gales"},"content":{"rendered":"<h2>\u00c9diteur responsable<\/h2>\n<div class=\"tinymcewysiwyg\">\n<p><strong>ELSEN AG<br \/>\n<\/strong><\/p>\n<p>Lehmkaul, 41<br \/>\n4770\u00a0Heppenbach<br \/>\nBelgien<\/p>\n<p>Tel.: +32 80 34 91 26<\/p>\n<\/div>\n<h2>Droits d&rsquo;auteur<\/h2>\n<p><span lang=\"FR\">Tous les contenus de ce site Internet (textes, donn\u00e9es, illustrations, photos, graphiques, logos, descriptions de produits, etc.) sont prot\u00e9g\u00e9s par des droits d&rsquo;auteur.<\/span><\/p>\n<p>Tous les noms de soci\u00e9t\u00e9 et de marque indiqu\u00e9s, ainsi que leur marque d\u00e9pos\u00e9e, images et vid\u00e9os sont la propri\u00e9t\u00e9 de leur propri\u00e9taire et servent uniquement \u00e0 identifier et d\u00e9crire les produits.<\/p>\n<h2>Avis de non-responsabilit\u00e9<\/h2>\n<p>Toutes les informations pr\u00e9sentent sur ce site Internet ont \u00e9t\u00e9 recherch\u00e9es minutieusement. Toutefois, l&rsquo;\u00e9diteur n&rsquo;est pas responsable de l&rsquo;exactitude des informations.<\/p>\n<p>Malgr\u00e9 le contr\u00f4le scrupuleux du contenu, nous d\u00e9clinons toute responsabilit\u00e9 pour les contenus des liens externes. Seuls les exploitants des sites externes sont responsables du contenu des liens mentionn\u00e9s.<\/p>\n<p>Si vous trouvez des erreurs ou des informations erron\u00e9es sur ce site Internet, veuillez nous en faire part par \u00e9crit.<\/p>\n<h2>R\u00e9alisation<\/h2>\n<p>Digital Vision S.\u00e0r.l. \u2013 Services informatiques<br \/>\nAm Hock, 4<br \/>\nL-9991 Weiswampach<\/p>\n<p><a href=\"http:\/\/www. digitalvision.lu\">www. digitalvision.lu<\/a><\/p>\n<p>+352 206 011 02<br \/>\nIBLC: LU31296945<br \/>\nMatricule: 2019 2436 495<br \/>\nRCS Luxembourg: B235393<\/p>\n<h2>WEB HOSTING \/ DATACENTER<\/h2>\n<p><strong>HostPress GmbH<\/strong><br \/>\nBahnhofstr. 34,<br \/>\n66571 Eppelborn<\/p>\n<p>Allemagne<\/p>\n<h2>Information<\/h2>\n<p>Les informations et outils mis \u00e0 disposition sur ce site ont une valeur purement informative. Nous prenons toutes les mesures raisonnables pour veiller \u00e0 la qualit\u00e9 des informations et outils sur ce site, notamment en les actualisant r\u00e9guli\u00e8rement. Nous d\u00e9clinons cependant toute responsabilit\u00e9 quant \u00e0 l\u2019exactitude ou au caract\u00e8re complet des informations et outils mis \u00e0 disposition sur ce site, sur les sites auxquels il r\u00e9f\u00e8re ou sur les sites web qui y r\u00e9f\u00e8rent. En cas de force majeure, l\u2019acc\u00e8s \u00e0 ce site peut \u00eatre interrompu. Nous pouvons \u00e9galement interrompre l\u2019acc\u00e8s \u00e0 des fins d\u2019entretien, d\u2019adaptation ou pour toute autre raison. Nous d\u00e9clinons toute responsabilit\u00e9 pour les \u00e9ventuelles interruptions et cons\u00e9quences de celles-ci pour l\u2019utilisateur. Si nous sommes avertis d\u2019\u00e9ventuelles erreurs, nous les rectifierons aussi vite que possible.<\/p>\n<h2>Droits d\u2019auteur<\/h2>\n<p>Les informations, outils, donn\u00e9es et autres \u00e9l\u00e9ments pr\u00e9sent\u00e9s sur ce site portail sont et restent notre propri\u00e9t\u00e9. La reproduction, diffusion, publication, reprise, etc. partielles ou totales des informations, outils, donn\u00e9es ou autres \u00e9l\u00e9ments de ce site web \u00e0 d\u2019autres fins que l\u2019utilisation personnelle ou priv\u00e9e sont interdites, sauf si nous en donnons l\u2019autorisation \u00e9crite pr\u00e9alable.<\/p>\n<h2>Lettre d\u2019information, contact et respect de la vie priv\u00e9e<\/h2>\n<p>Nous publions une lettre d\u2019information \u00e0 destination des personnes int\u00e9ress\u00e9es par l\u2019assurance et la finance, par nos services et par d\u2019autres sujets apparent\u00e9s. Si vous vous abonnez \u00e0 cette lettre d\u2019information, vos coordonn\u00e9es seront ajout\u00e9es, avec votre autorisation explicite, \u00e0 notre liste de destinataires. La liste sera utilis\u00e9e exclusivement pour l\u2019envoi de la lettre d\u2019information. Chaque lettre d\u2019information comporte un lien vous permettant de vous d\u00e9sabonner. Si vous vous d\u00e9sabonnez de ce service, vos coordonn\u00e9es seront supprim\u00e9es de notre liste d\u2019envoi.<\/p>\n<p>Si vous laissez un message sur ce site via le formulaire de contact, vous devez mentionner votre nom et votre adresse e-mail pour que nous puissions r\u00e9pondre \u00e0 votre question. Nous veillons \u00e0 respecter la loi du 8 d\u00e9cembre 1992 relative \u00e0 la protection de la vie priv\u00e9e \u00e0 l\u2019\u00e9gard des traitements de donn\u00e9es \u00e0 caract\u00e8re personnel.<\/p>\n<p>Vous pouvez consulter ce site web anonymement. Nous n\u2019enregistrons pas de noms ou d\u2019autres donn\u00e9es r\u00e9v\u00e9lant l\u2019identit\u00e9 des visiteurs de ce site. En revanche, des donn\u00e9es statistiques importantes pour optimiser le site web sont enregistr\u00e9es.<\/p>\n<h2>Politique en mati\u00e8re de Cookies<\/h2>\n<p>Ce site internet utilise des cookies afin de rendre votre utilisation de ce site plus efficace. Ces cookies sont des petits \u00e9l\u00e9ments d\u2019informations install\u00e9s sur votre interface pour surfer sur internet (ordinateur, tablette ou smartphone) afin que votre prochaine visite sur notre site soit aussi agr\u00e9able que possible. Ces cookies ne contiennent aucune donn\u00e9e personnelle comme votre nom ou votre adresse. Les informations r\u00e9colt\u00e9es par les cookies ont pour seul objectif de pouvoir lire les donn\u00e9es de votre browser et de vous proposer notre site de la mani\u00e8re la plus performante. Vous pouvez d\u00e9sactiver les cookies via la modification des param\u00e8tres de votre browser mais cela peut limiter certaines fonctionnalit\u00e9s du site ou en diminuer la facilit\u00e9 d\u2019utilisation. Pour plus d\u2019informations sur la d\u00e9sactivation des cookies : <a href=\"http:\/\/www.aboutcookies.org\/\" target=\"_blank\" rel=\"noopener noreferrer\">http:\/\/www.aboutcookies.org<\/a>\/.<\/p>\n","protected":false},"excerpt":{"rendered":"<p class=\"animate-text\">\u00c9diteur responsable ELSEN AG Lehmkaul, 41 4770\u00a0Heppenbach Belgien Tel.: +32 80 34 91 26 Droits [&hellip;]<\/p>\n","protected":false},"author":2,"featured_media":0,"parent":0,"menu_order":0,"comment_status":"closed","ping_status":"closed","template":"","meta":{"_acf_changed":false,"footnotes":""},"class_list":["post-4","page","type-page","status-publish","hentry"],"acf":[],"yoast_head":"<!-- This site is optimized with the Yoast SEO plugin v27.5 - https:\/\/yoast.com\/product\/yoast-seo-wordpress\/ -->\n<title>Mentions l\u00e9gales - Elsen AG<\/title>\n<meta name=\"robots\" content=\"index, follow, max-snippet:-1, max-image-preview:large, max-video-preview:-1\" \/>\n<link rel=\"canonical\" href=\"https:\/\/www.elsenag.com\/fr\/mentions-legales\/\" \/>\n<meta property=\"og:locale\" content=\"fr_FR\" \/>\n<meta property=\"og:type\" content=\"article\" \/>\n<meta property=\"og:title\" content=\"Mentions l\u00e9gales - Elsen AG\" \/>\n<meta property=\"og:description\" content=\"\u00c9diteur responsable ELSEN AG Lehmkaul, 41 4770\u00a0Heppenbach Belgien Tel.: +32 80 34 91 26 Droits [&hellip;]\" \/>\n<meta property=\"og:url\" content=\"https:\/\/www.elsenag.com\/fr\/mentions-legales\/\" \/>\n<meta property=\"og:site_name\" content=\"Elsen AG\" \/>\n<meta property=\"article:modified_time\" content=\"2022-05-10T11:26:51+00:00\" \/>\n<meta name=\"twitter:card\" content=\"summary_large_image\" \/>\n<meta name=\"twitter:label1\" content=\"Dur\u00e9e de lecture estim\u00e9e\" \/>\n\t<meta name=\"twitter:data1\" content=\"4 minutes\" \/>\n<script type=\"application\/ld+json\" class=\"yoast-schema-graph\">{\"@context\":\"https:\\\/\\\/schema.org\",\"@graph\":[{\"@type\":\"WebPage\",\"@id\":\"https:\\\/\\\/www.elsenag.com\\\/fr\\\/mentions-legales\\\/\",\"url\":\"https:\\\/\\\/www.elsenag.com\\\/fr\\\/mentions-legales\\\/\",\"name\":\"Mentions l\u00e9gales - Elsen AG\",\"isPartOf\":{\"@id\":\"https:\\\/\\\/www.elsenag.com\\\/#website\"},\"datePublished\":\"2016-08-31T09:33:11+00:00\",\"dateModified\":\"2022-05-10T11:26:51+00:00\",\"breadcrumb\":{\"@id\":\"https:\\\/\\\/www.elsenag.com\\\/fr\\\/mentions-legales\\\/#breadcrumb\"},\"inLanguage\":\"fr-FR\",\"potentialAction\":[{\"@type\":\"ReadAction\",\"target\":[\"https:\\\/\\\/www.elsenag.com\\\/fr\\\/mentions-legales\\\/\"]}]},{\"@type\":\"BreadcrumbList\",\"@id\":\"https:\\\/\\\/www.elsenag.com\\\/fr\\\/mentions-legales\\\/#breadcrumb\",\"itemListElement\":[{\"@type\":\"ListItem\",\"position\":1,\"name\":\"Elsen\",\"item\":\"https:\\\/\\\/www.elsenag.com\\\/fr\\\/\"},{\"@type\":\"ListItem\",\"position\":2,\"name\":\"Mentions l\u00e9gales\"}]},{\"@type\":\"WebSite\",\"@id\":\"https:\\\/\\\/www.elsenag.com\\\/#website\",\"url\":\"https:\\\/\\\/www.elsenag.com\\\/\",\"name\":\"Elsen AG\",\"description\":\"\",\"potentialAction\":[{\"@type\":\"SearchAction\",\"target\":{\"@type\":\"EntryPoint\",\"urlTemplate\":\"https:\\\/\\\/www.elsenag.com\\\/?s={search_term_string}\"},\"query-input\":{\"@type\":\"PropertyValueSpecification\",\"valueRequired\":true,\"valueName\":\"search_term_string\"}}],\"inLanguage\":\"fr-FR\"}]}<\/script>\n<!-- \/ Yoast SEO plugin. -->","yoast_head_json":{"title":"Mentions l\u00e9gales - Elsen AG","robots":{"index":"index","follow":"follow","max-snippet":"max-snippet:-1","max-image-preview":"max-image-preview:large","max-video-preview":"max-video-preview:-1"},"canonical":"https:\/\/www.elsenag.com\/fr\/mentions-legales\/","og_locale":"fr_FR","og_type":"article","og_title":"Mentions l\u00e9gales - Elsen AG","og_description":"\u00c9diteur responsable ELSEN AG Lehmkaul, 41 4770\u00a0Heppenbach Belgien Tel.: +32 80 34 91 26 Droits [&hellip;]","og_url":"https:\/\/www.elsenag.com\/fr\/mentions-legales\/","og_site_name":"Elsen AG","article_modified_time":"2022-05-10T11:26:51+00:00","twitter_card":"summary_large_image","twitter_misc":{"Dur\u00e9e de lecture estim\u00e9e":"4 minutes"},"schema":{"@context":"https:\/\/schema.org","@graph":[{"@type":"WebPage","@id":"https:\/\/www.elsenag.com\/fr\/mentions-legales\/","url":"https:\/\/www.elsenag.com\/fr\/mentions-legales\/","name":"Mentions l\u00e9gales - Elsen AG","isPartOf":{"@id":"https:\/\/www.elsenag.com\/#website"},"datePublished":"2016-08-31T09:33:11+00:00","dateModified":"2022-05-10T11:26:51+00:00","breadcrumb":{"@id":"https:\/\/www.elsenag.com\/fr\/mentions-legales\/#breadcrumb"},"inLanguage":"fr-FR","potentialAction":[{"@type":"ReadAction","target":["https:\/\/www.elsenag.com\/fr\/mentions-legales\/"]}]},{"@type":"BreadcrumbList","@id":"https:\/\/www.elsenag.com\/fr\/mentions-legales\/#breadcrumb","itemListElement":[{"@type":"ListItem","position":1,"name":"Elsen","item":"https:\/\/www.elsenag.com\/fr\/"},{"@type":"ListItem","position":2,"name":"Mentions l\u00e9gales"}]},{"@type":"WebSite","@id":"https:\/\/www.elsenag.com\/#website","url":"https:\/\/www.elsenag.com\/","name":"Elsen AG","description":"","potentialAction":[{"@type":"SearchAction","target":{"@type":"EntryPoint","urlTemplate":"https:\/\/www.elsenag.com\/?s={search_term_string}"},"query-input":{"@type":"PropertyValueSpecification","valueRequired":true,"valueName":"search_term_string"}}],"inLanguage":"fr-FR"}]}},"publishpress_future_workflow_manual_trigger":{"enabledWorkflows":[]},"_links":{"self":[{"href":"https:\/\/www.elsenag.com\/fr\/wp-json\/wp\/v2\/pages\/4","targetHints":{"allow":["GET"]}}],"collection":[{"href":"https:\/\/www.elsenag.com\/fr\/wp-json\/wp\/v2\/pages"}],"about":[{"href":"https:\/\/www.elsenag.com\/fr\/wp-json\/wp\/v2\/types\/page"}],"author":[{"embeddable":true,"href":"https:\/\/www.elsenag.com\/fr\/wp-json\/wp\/v2\/users\/2"}],"replies":[{"embeddable":true,"href":"https:\/\/www.elsenag.com\/fr\/wp-json\/wp\/v2\/comments?post=4"}],"version-history":[{"count":4,"href":"https:\/\/www.elsenag.com\/fr\/wp-json\/wp\/v2\/pages\/4\/revisions"}],"predecessor-version":[{"id":3125,"href":"https:\/\/www.elsenag.com\/fr\/wp-json\/wp\/v2\/pages\/4\/revisions\/3125"}],"wp:attachment":[{"href":"https:\/\/www.elsenag.com\/fr\/wp-json\/wp\/v2\/media?parent=4"}],"curies":[{"name":"wp","href":"https:\/\/api.w.org\/{rel}","templated":true}]}}