{"id":34,"date":"2016-09-09T14:38:41","date_gmt":"2016-09-09T12:38:41","guid":{"rendered":"https:\/\/www.elsenag.com\/?page_id=34"},"modified":"2026-01-28T16:25:50","modified_gmt":"2026-01-28T15:25:50","slug":"immobilier-cantons-de-lest-nord-luxembourg","status":"publish","type":"page","link":"https:\/\/www.elsenag.com\/fr\/immobilier-cantons-de-lest-nord-luxembourg\/","title":{"rendered":"Immobilier"},"content":{"rendered":"<h2>Des dizaines d\u2019ann\u00e9es d\u2019exp\u00e9rience dans le d\u00e9veloppement immobilier<\/h2>\n<p>Vous poss\u00e9dez un terrain ou un b\u00e2timent que vous souhaitez valoriser\u00a0? Depuis plusieurs d\u00e9cennies, notre entreprise est active dans le <strong>d\u00e9veloppement immobilier<\/strong> en Belgique et au Grand-Duch\u00e9 de Luxembourg. Nous achetons des terrains et d\u2019anciens b\u00e2timents et en faisons de v\u00e9ritables bijoux architecturaux.<\/p>\n<p>De nombreux travaux sont r\u00e9alis\u00e9s par nos propres \u00e9quipes\u00a0: <a href=\"https:\/\/www.elsenag.com\/fr\/services\/demolition\/\">d\u00e9molition<\/a>, <a href=\"https:\/\/www.elsenag.com\/fr\/services\/terrassements\/\">terrassement<\/a>, <a href=\"https:\/\/www.elsenag.com\/fr\/services\/residences\/\">gros \u0153uvre<\/a>, etc. Pour les t\u00e2ches restantes, nous faisons appel \u00e0 des partenaires de longue date, qui nous ont convaincus par leur comp\u00e9tence et la qualit\u00e9 de leur travail.<\/p>\n<h2>Valorisation de terrains ou de biens existants et vente<\/h2>\n<p>Forts de notre\u00a0exp\u00e9rience, nous savons exactement quelles exigences sont pos\u00e9es actuellement sur le march\u00e9 de l\u2019immobilier. Nos biens correspondent donc aux normes les plus r\u00e9centes en mati\u00e8re d\u2019\u00e9conomie d\u2019\u00e9nergie. Nous ne faisons aucun compromis au niveau du confort\u00a0: des pi\u00e8ces de vie inond\u00e9es de lumi\u00e8re, des salles de bains confortables, des places de parking en suffisance et des ascenseurs \u2013 tout cela fait partie de l\u2019\u00e9quipement standard.<\/p>\n<p>N&rsquo;h\u00e9sitez pas \u00e0 parcourir le bas de cette page pour d\u00e9couvrir tous les biens qui sont actuellement en vente.<\/p>\n<h2>Agent immobilier agr\u00e9\u00e9<\/h2>\n<p>En tant qu&rsquo;agent immobilier agr\u00e9\u00e9 en Belgique, nous sommes enregistr\u00e9s aupr\u00e8s de l&rsquo;IPI &#8211; Institut professionnel des agents immobiliers sous le num\u00e9ro 509.445. Notre assurance responsabilit\u00e9 civile professionnelle est garantie par AXA Belgium SA (num\u00e9ro d&rsquo;assurance: 730.390.160). L&rsquo;instance de contr\u00f4le comp\u00e9tente est l&rsquo;IPI, rue du Luxembourg 16b, 1000 Bruxelles, joignable par t\u00e9l\u00e9phone au 02 505 38 50 ou par e-mail \u00e0 l&rsquo;adresse info@ipi.be. Nous sommes soumis au code de d\u00e9ontologie conform\u00e9ment \u00e0 l&rsquo;arr\u00eat\u00e9 royal du 27 septembre 2006.<\/p>\n<p><a href=\"https:\/\/www.elsenag.com\/fr\/contact\/\">C\u2019est avec plaisir que nous vous rencontrerons lors d\u2019un rendez-vous sans engagement. Contactez-nous\u00a0!<\/a><\/p>\n<div id=\"ConnectiveDocSignExtentionInstalled\" data-extension-version=\"1.0.4\"><\/div>\n","protected":false},"excerpt":{"rendered":"<p class=\"animate-text\">Des dizaines d\u2019ann\u00e9es d\u2019exp\u00e9rience dans le d\u00e9veloppement immobilier Vous poss\u00e9dez un terrain ou un b\u00e2timent [&hellip;]<\/p>\n","protected":false},"author":2,"featured_media":4448,"parent":0,"menu_order":0,"comment_status":"closed","ping_status":"closed","template":"page-promotions.php","meta":{"_acf_changed":false,"footnotes":""},"class_list":["post-34","page","type-page","status-publish","has-post-thumbnail","hentry"],"acf":[],"yoast_head":"<!-- This site is optimized with the Yoast SEO plugin v27.5 - https:\/\/yoast.com\/product\/yoast-seo-wordpress\/ -->\n<title>Immobilier Cantons de l&#039;Est et au Luxembourg - ELSEN SA<\/title>\n<meta name=\"description\" content=\"ELSEN SA d\u00e9veloppe des projets immobiliers de situation g\u00e9ographique int\u00e9ressante dans les Cantons de l&#039;Est et au Nord du Luxembourg.\" \/>\n<meta name=\"robots\" content=\"index, follow, max-snippet:-1, max-image-preview:large, max-video-preview:-1\" \/>\n<link rel=\"canonical\" href=\"https:\/\/www.elsenag.com\/fr\/immobilier-cantons-de-lest-nord-luxembourg\/\" \/>\n<meta property=\"og:locale\" content=\"fr_FR\" \/>\n<meta property=\"og:type\" content=\"article\" \/>\n<meta property=\"og:title\" content=\"Immobilier Cantons de l&#039;Est et au Luxembourg - ELSEN SA\" \/>\n<meta property=\"og:description\" content=\"ELSEN SA d\u00e9veloppe des projets immobiliers de situation g\u00e9ographique int\u00e9ressante dans les Cantons de l&#039;Est et au Nord du Luxembourg.\" \/>\n<meta property=\"og:url\" content=\"https:\/\/www.elsenag.com\/fr\/immobilier-cantons-de-lest-nord-luxembourg\/\" \/>\n<meta property=\"og:site_name\" content=\"Elsen AG\" \/>\n<meta property=\"article:modified_time\" content=\"2026-01-28T15:25:50+00:00\" \/>\n<meta property=\"og:image\" content=\"https:\/\/www.elsenag.com\/wp-content\/uploads\/Recht-Residenz-\u201eWeiherhof_1.jpg\" \/>\n\t<meta property=\"og:image:width\" content=\"1920\" \/>\n\t<meta property=\"og:image:height\" content=\"1440\" \/>\n\t<meta property=\"og:image:type\" content=\"image\/jpeg\" \/>\n<meta name=\"twitter:card\" content=\"summary_large_image\" \/>\n<meta name=\"twitter:label1\" content=\"Dur\u00e9e de lecture estim\u00e9e\" \/>\n\t<meta name=\"twitter:data1\" content=\"2 minutes\" \/>\n<script type=\"application\/ld+json\" class=\"yoast-schema-graph\">{\"@context\":\"https:\\\/\\\/schema.org\",\"@graph\":[{\"@type\":\"WebPage\",\"@id\":\"https:\\\/\\\/www.elsenag.com\\\/fr\\\/immobilier-cantons-de-lest-nord-luxembourg\\\/\",\"url\":\"https:\\\/\\\/www.elsenag.com\\\/fr\\\/immobilier-cantons-de-lest-nord-luxembourg\\\/\",\"name\":\"Immobilier Cantons de l'Est et au Luxembourg - ELSEN SA\",\"isPartOf\":{\"@id\":\"https:\\\/\\\/www.elsenag.com\\\/#website\"},\"primaryImageOfPage\":{\"@id\":\"https:\\\/\\\/www.elsenag.com\\\/fr\\\/immobilier-cantons-de-lest-nord-luxembourg\\\/#primaryimage\"},\"image\":{\"@id\":\"https:\\\/\\\/www.elsenag.com\\\/fr\\\/immobilier-cantons-de-lest-nord-luxembourg\\\/#primaryimage\"},\"thumbnailUrl\":\"https:\\\/\\\/www.elsenag.com\\\/wp-content\\\/uploads\\\/Recht-Residenz-\u201eWeiherhof_1.jpg\",\"datePublished\":\"2016-09-09T12:38:41+00:00\",\"dateModified\":\"2026-01-28T15:25:50+00:00\",\"description\":\"ELSEN SA d\u00e9veloppe des projets immobiliers de situation g\u00e9ographique int\u00e9ressante dans les Cantons de l'Est et au Nord du Luxembourg.\",\"breadcrumb\":{\"@id\":\"https:\\\/\\\/www.elsenag.com\\\/fr\\\/immobilier-cantons-de-lest-nord-luxembourg\\\/#breadcrumb\"},\"inLanguage\":\"fr-FR\",\"potentialAction\":[{\"@type\":\"ReadAction\",\"target\":[\"https:\\\/\\\/www.elsenag.com\\\/fr\\\/immobilier-cantons-de-lest-nord-luxembourg\\\/\"]}]},{\"@type\":\"ImageObject\",\"inLanguage\":\"fr-FR\",\"@id\":\"https:\\\/\\\/www.elsenag.com\\\/fr\\\/immobilier-cantons-de-lest-nord-luxembourg\\\/#primaryimage\",\"url\":\"https:\\\/\\\/www.elsenag.com\\\/wp-content\\\/uploads\\\/Recht-Residenz-\u201eWeiherhof_1.jpg\",\"contentUrl\":\"https:\\\/\\\/www.elsenag.com\\\/wp-content\\\/uploads\\\/Recht-Residenz-\u201eWeiherhof_1.jpg\",\"width\":1920,\"height\":1440},{\"@type\":\"BreadcrumbList\",\"@id\":\"https:\\\/\\\/www.elsenag.com\\\/fr\\\/immobilier-cantons-de-lest-nord-luxembourg\\\/#breadcrumb\",\"itemListElement\":[{\"@type\":\"ListItem\",\"position\":1,\"name\":\"Elsen\",\"item\":\"https:\\\/\\\/www.elsenag.com\\\/fr\\\/\"},{\"@type\":\"ListItem\",\"position\":2,\"name\":\"Immobilier\"}]},{\"@type\":\"WebSite\",\"@id\":\"https:\\\/\\\/www.elsenag.com\\\/#website\",\"url\":\"https:\\\/\\\/www.elsenag.com\\\/\",\"name\":\"Elsen AG\",\"description\":\"\",\"potentialAction\":[{\"@type\":\"SearchAction\",\"target\":{\"@type\":\"EntryPoint\",\"urlTemplate\":\"https:\\\/\\\/www.elsenag.com\\\/?s={search_term_string}\"},\"query-input\":{\"@type\":\"PropertyValueSpecification\",\"valueRequired\":true,\"valueName\":\"search_term_string\"}}],\"inLanguage\":\"fr-FR\"}]}<\/script>\n<!-- \/ Yoast SEO plugin. -->","yoast_head_json":{"title":"Immobilier Cantons de l'Est et au Luxembourg - ELSEN SA","description":"ELSEN SA d\u00e9veloppe des projets immobiliers de situation g\u00e9ographique int\u00e9ressante dans les Cantons de l'Est et au Nord du Luxembourg.","robots":{"index":"index","follow":"follow","max-snippet":"max-snippet:-1","max-image-preview":"max-image-preview:large","max-video-preview":"max-video-preview:-1"},"canonical":"https:\/\/www.elsenag.com\/fr\/immobilier-cantons-de-lest-nord-luxembourg\/","og_locale":"fr_FR","og_type":"article","og_title":"Immobilier Cantons de l'Est et au Luxembourg - ELSEN SA","og_description":"ELSEN SA d\u00e9veloppe des projets immobiliers de situation g\u00e9ographique int\u00e9ressante dans les Cantons de l'Est et au Nord du Luxembourg.","og_url":"https:\/\/www.elsenag.com\/fr\/immobilier-cantons-de-lest-nord-luxembourg\/","og_site_name":"Elsen AG","article_modified_time":"2026-01-28T15:25:50+00:00","og_image":[{"width":1920,"height":1440,"url":"https:\/\/www.elsenag.com\/wp-content\/uploads\/Recht-Residenz-\u201eWeiherhof_1.jpg","type":"image\/jpeg"}],"twitter_card":"summary_large_image","twitter_misc":{"Dur\u00e9e de lecture estim\u00e9e":"2 minutes"},"schema":{"@context":"https:\/\/schema.org","@graph":[{"@type":"WebPage","@id":"https:\/\/www.elsenag.com\/fr\/immobilier-cantons-de-lest-nord-luxembourg\/","url":"https:\/\/www.elsenag.com\/fr\/immobilier-cantons-de-lest-nord-luxembourg\/","name":"Immobilier Cantons de l'Est et au Luxembourg - ELSEN SA","isPartOf":{"@id":"https:\/\/www.elsenag.com\/#website"},"primaryImageOfPage":{"@id":"https:\/\/www.elsenag.com\/fr\/immobilier-cantons-de-lest-nord-luxembourg\/#primaryimage"},"image":{"@id":"https:\/\/www.elsenag.com\/fr\/immobilier-cantons-de-lest-nord-luxembourg\/#primaryimage"},"thumbnailUrl":"https:\/\/www.elsenag.com\/wp-content\/uploads\/Recht-Residenz-\u201eWeiherhof_1.jpg","datePublished":"2016-09-09T12:38:41+00:00","dateModified":"2026-01-28T15:25:50+00:00","description":"ELSEN SA d\u00e9veloppe des projets immobiliers de situation g\u00e9ographique int\u00e9ressante dans les Cantons de l'Est et au Nord du Luxembourg.","breadcrumb":{"@id":"https:\/\/www.elsenag.com\/fr\/immobilier-cantons-de-lest-nord-luxembourg\/#breadcrumb"},"inLanguage":"fr-FR","potentialAction":[{"@type":"ReadAction","target":["https:\/\/www.elsenag.com\/fr\/immobilier-cantons-de-lest-nord-luxembourg\/"]}]},{"@type":"ImageObject","inLanguage":"fr-FR","@id":"https:\/\/www.elsenag.com\/fr\/immobilier-cantons-de-lest-nord-luxembourg\/#primaryimage","url":"https:\/\/www.elsenag.com\/wp-content\/uploads\/Recht-Residenz-\u201eWeiherhof_1.jpg","contentUrl":"https:\/\/www.elsenag.com\/wp-content\/uploads\/Recht-Residenz-\u201eWeiherhof_1.jpg","width":1920,"height":1440},{"@type":"BreadcrumbList","@id":"https:\/\/www.elsenag.com\/fr\/immobilier-cantons-de-lest-nord-luxembourg\/#breadcrumb","itemListElement":[{"@type":"ListItem","position":1,"name":"Elsen","item":"https:\/\/www.elsenag.com\/fr\/"},{"@type":"ListItem","position":2,"name":"Immobilier"}]},{"@type":"WebSite","@id":"https:\/\/www.elsenag.com\/#website","url":"https:\/\/www.elsenag.com\/","name":"Elsen AG","description":"","potentialAction":[{"@type":"SearchAction","target":{"@type":"EntryPoint","urlTemplate":"https:\/\/www.elsenag.com\/?s={search_term_string}"},"query-input":{"@type":"PropertyValueSpecification","valueRequired":true,"valueName":"search_term_string"}}],"inLanguage":"fr-FR"}]}},"publishpress_future_workflow_manual_trigger":{"enabledWorkflows":[]},"_links":{"self":[{"href":"https:\/\/www.elsenag.com\/fr\/wp-json\/wp\/v2\/pages\/34","targetHints":{"allow":["GET"]}}],"collection":[{"href":"https:\/\/www.elsenag.com\/fr\/wp-json\/wp\/v2\/pages"}],"about":[{"href":"https:\/\/www.elsenag.com\/fr\/wp-json\/wp\/v2\/types\/page"}],"author":[{"embeddable":true,"href":"https:\/\/www.elsenag.com\/fr\/wp-json\/wp\/v2\/users\/2"}],"replies":[{"embeddable":true,"href":"https:\/\/www.elsenag.com\/fr\/wp-json\/wp\/v2\/comments?post=34"}],"version-history":[{"count":4,"href":"https:\/\/www.elsenag.com\/fr\/wp-json\/wp\/v2\/pages\/34\/revisions"}],"predecessor-version":[{"id":5425,"href":"https:\/\/www.elsenag.com\/fr\/wp-json\/wp\/v2\/pages\/34\/revisions\/5425"}],"wp:featuredmedia":[{"embeddable":true,"href":"https:\/\/www.elsenag.com\/fr\/wp-json\/wp\/v2\/media\/4448"}],"wp:attachment":[{"href":"https:\/\/www.elsenag.com\/fr\/wp-json\/wp\/v2\/media?parent=34"}],"curies":[{"name":"wp","href":"https:\/\/api.w.org\/{rel}","templated":true}]}}