{"id":28,"date":"2016-09-09T13:35:17","date_gmt":"2016-09-09T11:35:17","guid":{"rendered":"https:\/\/www.elsenag.com\/?page_id=28"},"modified":"2021-07-20T10:18:50","modified_gmt":"2021-07-20T08:18:50","slug":"entreprise","status":"publish","type":"page","link":"https:\/\/www.elsenag.com\/fr\/entreprise\/","title":{"rendered":"Entreprise"},"content":{"rendered":"<h2>Une entreprise familiale forte d\u2019une longue tradition<\/h2>\n<p>L\u2019entreprise <strong>Elsen SA<\/strong> fut fond\u00e9e en 1948 par Joseph Elsen. \u00c0 l\u2019\u00e9poque d\u00e9j\u00e0, nous \u00e9tions actifs dans le secteur de la construction. V\u00e9ritable entreprise familiale, nous mettons l\u2019accent sur la dimension humaine. Notre but est de satisfaire nos clients. Nous souhaitons r\u00e9pondre \u00e0 leur exigences et attentes \u00e9lev\u00e9es. C\u2019est pourquoi nous accordons une importance particuli\u00e8re \u00e0 la qualit\u00e9 des mat\u00e9riaux utilis\u00e9s. Gr\u00e2ce \u00e0 des investissements r\u00e9guliers dans notre parc de machines et dans la formation de nos collaborateurs, nous r\u00e9pondons aux standards les plus \u00e9lev\u00e9s.<\/p>\n<h2>Une vaste gamme de services pour de nombreux clients<\/h2>\n<p>Notre entreprise peut se pr\u00e9valoir de plusieurs dizaines d\u2019ann\u00e9es d\u2019exp\u00e9rience dans le b\u00e2timent et le g\u00e9nie civil. Il en va de m\u00eame pour la <a href=\"https:\/\/www.elsenag.com\/fr\/immobilier-cantons-de-lest-nord-luxembourg\/\">promotion immobili\u00e8re<\/a>, notre autre domaine d\u2019expertise. Nous proposons donc une gamme de services particuli\u00e8rement \u00e9tendue, allant de la conception \u00e0 la remise des travaux dans les d\u00e9lais pr\u00e9vus.<\/p>\n<p>Nous travaillons pour des clients priv\u00e9s, mais aussi pour des entreprises, des institutions ou des entit\u00e9s publiques. Dans ce cadre, nous disposons des agr\u00e9ations pour les <strong>cat\u00e9gories C (g\u00e9nie civil) et D (b\u00e2timent), classe 6<\/strong>.<\/p>\n<h2>Nos collaborateurs, notre meilleur atout<\/h2>\n<p>Notre entreprise compte d\u00e9sormais plusieurs dizaines de collaborateurs motiv\u00e9s et comp\u00e9tents, issus de diff\u00e9rents domaines. Leur savoir-faire technique est constamment actualis\u00e9 et compl\u00e9t\u00e9 gr\u00e2ce \u00e0 des formations.<\/p>\n","protected":false},"excerpt":{"rendered":"<p class=\"animate-text\">Une entreprise familiale forte d\u2019une longue tradition L\u2019entreprise Elsen SA fut fond\u00e9e en 1948 par [&hellip;]<\/p>\n","protected":false},"author":2,"featured_media":208,"parent":0,"menu_order":0,"comment_status":"closed","ping_status":"closed","template":"","meta":{"_acf_changed":false,"footnotes":""},"class_list":["post-28","page","type-page","status-publish","has-post-thumbnail","hentry"],"acf":[],"yoast_head":"<!-- This site is optimized with the Yoast SEO plugin v27.5 - https:\/\/yoast.com\/product\/yoast-seo-wordpress\/ -->\n<title>Notre entreprise - Elsen S.A.<\/title>\n<meta name=\"description\" content=\"Depuis 1948, Elsen S.A. accompagne divers projets de construction dans le secteur priv\u00e9 et public. N&#039;h\u00e9sitez pas \u00e0 nous contacter pour en savoir plus!\" \/>\n<meta name=\"robots\" content=\"index, follow, max-snippet:-1, max-image-preview:large, max-video-preview:-1\" \/>\n<link rel=\"canonical\" href=\"https:\/\/www.elsenag.com\/fr\/entreprise\/\" \/>\n<meta property=\"og:locale\" content=\"fr_FR\" \/>\n<meta property=\"og:type\" content=\"article\" \/>\n<meta property=\"og:title\" content=\"Notre entreprise - Elsen S.A.\" \/>\n<meta property=\"og:description\" content=\"Depuis 1948, Elsen S.A. accompagne divers projets de construction dans le secteur priv\u00e9 et public. N&#039;h\u00e9sitez pas \u00e0 nous contacter pour en savoir plus!\" \/>\n<meta property=\"og:url\" content=\"https:\/\/www.elsenag.com\/fr\/entreprise\/\" \/>\n<meta property=\"og:site_name\" content=\"Elsen AG\" \/>\n<meta property=\"article:modified_time\" content=\"2021-07-20T08:18:50+00:00\" \/>\n<meta property=\"og:image\" content=\"https:\/\/www.elsenag.com\/wp-content\/uploads\/20160807_151831.jpg\" \/>\n\t<meta property=\"og:image:width\" content=\"2048\" \/>\n\t<meta property=\"og:image:height\" content=\"1152\" \/>\n\t<meta property=\"og:image:type\" content=\"image\/jpeg\" \/>\n<meta name=\"twitter:card\" content=\"summary_large_image\" \/>\n<meta name=\"twitter:label1\" content=\"Dur\u00e9e de lecture estim\u00e9e\" \/>\n\t<meta name=\"twitter:data1\" content=\"1 minute\" \/>\n<script type=\"application\/ld+json\" class=\"yoast-schema-graph\">{\"@context\":\"https:\\\/\\\/schema.org\",\"@graph\":[{\"@type\":\"WebPage\",\"@id\":\"https:\\\/\\\/www.elsenag.com\\\/fr\\\/entreprise\\\/\",\"url\":\"https:\\\/\\\/www.elsenag.com\\\/fr\\\/entreprise\\\/\",\"name\":\"Notre entreprise - Elsen S.A.\",\"isPartOf\":{\"@id\":\"https:\\\/\\\/www.elsenag.com\\\/#website\"},\"primaryImageOfPage\":{\"@id\":\"https:\\\/\\\/www.elsenag.com\\\/fr\\\/entreprise\\\/#primaryimage\"},\"image\":{\"@id\":\"https:\\\/\\\/www.elsenag.com\\\/fr\\\/entreprise\\\/#primaryimage\"},\"thumbnailUrl\":\"https:\\\/\\\/www.elsenag.com\\\/wp-content\\\/uploads\\\/20160807_151831.jpg\",\"datePublished\":\"2016-09-09T11:35:17+00:00\",\"dateModified\":\"2021-07-20T08:18:50+00:00\",\"description\":\"Depuis 1948, Elsen S.A. accompagne divers projets de construction dans le secteur priv\u00e9 et public. N'h\u00e9sitez pas \u00e0 nous contacter pour en savoir plus!\",\"breadcrumb\":{\"@id\":\"https:\\\/\\\/www.elsenag.com\\\/fr\\\/entreprise\\\/#breadcrumb\"},\"inLanguage\":\"fr-FR\",\"potentialAction\":[{\"@type\":\"ReadAction\",\"target\":[\"https:\\\/\\\/www.elsenag.com\\\/fr\\\/entreprise\\\/\"]}]},{\"@type\":\"ImageObject\",\"inLanguage\":\"fr-FR\",\"@id\":\"https:\\\/\\\/www.elsenag.com\\\/fr\\\/entreprise\\\/#primaryimage\",\"url\":\"https:\\\/\\\/www.elsenag.com\\\/wp-content\\\/uploads\\\/20160807_151831.jpg\",\"contentUrl\":\"https:\\\/\\\/www.elsenag.com\\\/wp-content\\\/uploads\\\/20160807_151831.jpg\",\"width\":2048,\"height\":1152,\"caption\":\"Elsen Buero - Kontakt\"},{\"@type\":\"BreadcrumbList\",\"@id\":\"https:\\\/\\\/www.elsenag.com\\\/fr\\\/entreprise\\\/#breadcrumb\",\"itemListElement\":[{\"@type\":\"ListItem\",\"position\":1,\"name\":\"Elsen\",\"item\":\"https:\\\/\\\/www.elsenag.com\\\/fr\\\/\"},{\"@type\":\"ListItem\",\"position\":2,\"name\":\"Entreprise\"}]},{\"@type\":\"WebSite\",\"@id\":\"https:\\\/\\\/www.elsenag.com\\\/#website\",\"url\":\"https:\\\/\\\/www.elsenag.com\\\/\",\"name\":\"Elsen AG\",\"description\":\"\",\"potentialAction\":[{\"@type\":\"SearchAction\",\"target\":{\"@type\":\"EntryPoint\",\"urlTemplate\":\"https:\\\/\\\/www.elsenag.com\\\/?s={search_term_string}\"},\"query-input\":{\"@type\":\"PropertyValueSpecification\",\"valueRequired\":true,\"valueName\":\"search_term_string\"}}],\"inLanguage\":\"fr-FR\"}]}<\/script>\n<!-- \/ Yoast SEO plugin. -->","yoast_head_json":{"title":"Notre entreprise - Elsen S.A.","description":"Depuis 1948, Elsen S.A. accompagne divers projets de construction dans le secteur priv\u00e9 et public. N'h\u00e9sitez pas \u00e0 nous contacter pour en savoir plus!","robots":{"index":"index","follow":"follow","max-snippet":"max-snippet:-1","max-image-preview":"max-image-preview:large","max-video-preview":"max-video-preview:-1"},"canonical":"https:\/\/www.elsenag.com\/fr\/entreprise\/","og_locale":"fr_FR","og_type":"article","og_title":"Notre entreprise - Elsen S.A.","og_description":"Depuis 1948, Elsen S.A. accompagne divers projets de construction dans le secteur priv\u00e9 et public. N'h\u00e9sitez pas \u00e0 nous contacter pour en savoir plus!","og_url":"https:\/\/www.elsenag.com\/fr\/entreprise\/","og_site_name":"Elsen AG","article_modified_time":"2021-07-20T08:18:50+00:00","og_image":[{"width":2048,"height":1152,"url":"https:\/\/www.elsenag.com\/wp-content\/uploads\/20160807_151831.jpg","type":"image\/jpeg"}],"twitter_card":"summary_large_image","twitter_misc":{"Dur\u00e9e de lecture estim\u00e9e":"1 minute"},"schema":{"@context":"https:\/\/schema.org","@graph":[{"@type":"WebPage","@id":"https:\/\/www.elsenag.com\/fr\/entreprise\/","url":"https:\/\/www.elsenag.com\/fr\/entreprise\/","name":"Notre entreprise - Elsen S.A.","isPartOf":{"@id":"https:\/\/www.elsenag.com\/#website"},"primaryImageOfPage":{"@id":"https:\/\/www.elsenag.com\/fr\/entreprise\/#primaryimage"},"image":{"@id":"https:\/\/www.elsenag.com\/fr\/entreprise\/#primaryimage"},"thumbnailUrl":"https:\/\/www.elsenag.com\/wp-content\/uploads\/20160807_151831.jpg","datePublished":"2016-09-09T11:35:17+00:00","dateModified":"2021-07-20T08:18:50+00:00","description":"Depuis 1948, Elsen S.A. accompagne divers projets de construction dans le secteur priv\u00e9 et public. N'h\u00e9sitez pas \u00e0 nous contacter pour en savoir plus!","breadcrumb":{"@id":"https:\/\/www.elsenag.com\/fr\/entreprise\/#breadcrumb"},"inLanguage":"fr-FR","potentialAction":[{"@type":"ReadAction","target":["https:\/\/www.elsenag.com\/fr\/entreprise\/"]}]},{"@type":"ImageObject","inLanguage":"fr-FR","@id":"https:\/\/www.elsenag.com\/fr\/entreprise\/#primaryimage","url":"https:\/\/www.elsenag.com\/wp-content\/uploads\/20160807_151831.jpg","contentUrl":"https:\/\/www.elsenag.com\/wp-content\/uploads\/20160807_151831.jpg","width":2048,"height":1152,"caption":"Elsen Buero - Kontakt"},{"@type":"BreadcrumbList","@id":"https:\/\/www.elsenag.com\/fr\/entreprise\/#breadcrumb","itemListElement":[{"@type":"ListItem","position":1,"name":"Elsen","item":"https:\/\/www.elsenag.com\/fr\/"},{"@type":"ListItem","position":2,"name":"Entreprise"}]},{"@type":"WebSite","@id":"https:\/\/www.elsenag.com\/#website","url":"https:\/\/www.elsenag.com\/","name":"Elsen AG","description":"","potentialAction":[{"@type":"SearchAction","target":{"@type":"EntryPoint","urlTemplate":"https:\/\/www.elsenag.com\/?s={search_term_string}"},"query-input":{"@type":"PropertyValueSpecification","valueRequired":true,"valueName":"search_term_string"}}],"inLanguage":"fr-FR"}]}},"publishpress_future_workflow_manual_trigger":{"enabledWorkflows":[]},"_links":{"self":[{"href":"https:\/\/www.elsenag.com\/fr\/wp-json\/wp\/v2\/pages\/28","targetHints":{"allow":["GET"]}}],"collection":[{"href":"https:\/\/www.elsenag.com\/fr\/wp-json\/wp\/v2\/pages"}],"about":[{"href":"https:\/\/www.elsenag.com\/fr\/wp-json\/wp\/v2\/types\/page"}],"author":[{"embeddable":true,"href":"https:\/\/www.elsenag.com\/fr\/wp-json\/wp\/v2\/users\/2"}],"replies":[{"embeddable":true,"href":"https:\/\/www.elsenag.com\/fr\/wp-json\/wp\/v2\/comments?post=28"}],"version-history":[{"count":3,"href":"https:\/\/www.elsenag.com\/fr\/wp-json\/wp\/v2\/pages\/28\/revisions"}],"predecessor-version":[{"id":3052,"href":"https:\/\/www.elsenag.com\/fr\/wp-json\/wp\/v2\/pages\/28\/revisions\/3052"}],"wp:featuredmedia":[{"embeddable":true,"href":"https:\/\/www.elsenag.com\/fr\/wp-json\/wp\/v2\/media\/208"}],"wp:attachment":[{"href":"https:\/\/www.elsenag.com\/fr\/wp-json\/wp\/v2\/media?parent=28"}],"curies":[{"name":"wp","href":"https:\/\/api.w.org\/{rel}","templated":true}]}}